{"id":50,"date":"2025-04-28T12:44:46","date_gmt":"2025-04-28T12:44:46","guid":{"rendered":"https:\/\/pamproductions.site\/accueil\/?page_id=50"},"modified":"2025-04-28T12:44:47","modified_gmt":"2025-04-28T12:44:47","slug":"nos-services","status":"publish","type":"page","link":"https:\/\/pamproductions.site\/accueil\/nos-services\/","title":{"rendered":"NOS SERVICES"},"content":{"rendered":"\n<div class=\"wp-block-group has-background is-layout-constrained wp-container-core-group-is-layout-108df87a wp-block-group-is-layout-constrained\" style=\"background-color:#f9f4ee;padding-top:var(--wp--preset--spacing--80);padding-right:var(--wp--preset--spacing--50);padding-bottom:var(--wp--preset--spacing--80);padding-left:var(--wp--preset--spacing--50)\">\n<div class=\"wp-block-group is-layout-constrained wp-container-core-group-is-layout-ff0b5e87 wp-block-group-is-layout-constrained\" style=\"margin-bottom:var(--wp--preset--spacing--50);padding-bottom:0\">\n<div class=\"wp-block-columns is-layout-flex wp-container-core-columns-is-layout-28f84493 wp-block-columns-is-layout-flex\">\n<div class=\"wp-block-column is-layout-flow wp-block-column-is-layout-flow\" style=\"padding-top:0;padding-right:0;padding-bottom:0;padding-left:0\">\n<h4 class=\"wp-block-heading has-text-align-center has-luminous-vivid-orange-color has-text-color has-carnival-lite-oswald-font-family has-small-font-size\" style=\"margin-top:0;margin-right:0;margin-bottom:0;margin-left:0;line-height:1.0\"><\/h4>\n\n\n\n<h2 class=\"wp-block-heading has-text-align-center has-carnival-lite-oswald-font-family\" style=\"margin-bottom:var(--wp--preset--spacing--50);font-size:47px;font-style:normal;font-weight:700;line-height:1.2\">NOS SERVICES<\/h2>\n\n\n\n<p class=\"has-text-align-center\" style=\"padding-right:10%;padding-left:10%\">Chez PAM PRODUCTIONS, notre engagement envers l&rsquo;excellence se refl\u00e8te dans chaque projet que nous entreprenons. Notre \u00e9quipe de professionnels d\u00e9vou\u00e9s met son expertise au service de votre vision, assurant un r\u00e9sultat qui d\u00e9passe vos attentes.<\/p>\n\n\n\n<p class=\"has-text-align-center\" style=\"padding-right:10%;padding-left:10%\">Explorez le pouvoir de la narration visuelle avec PAM PRODUCTIONS. Contactez-nous d\u00e8s aujourd&rsquo;hui pour donner vie \u00e0 vos id\u00e9es et laisser une empreinte ind\u00e9l\u00e9bile dans l&rsquo;univers de l&rsquo;audiovisuel.<\/p>\n<\/div>\n<\/div>\n<\/div>\n\n\n\n<div class=\"wp-block-group is-layout-constrained wp-container-core-group-is-layout-4165983e wp-block-group-is-layout-constrained\" style=\"padding-right:var(--wp--preset--spacing--40);padding-left:var(--wp--preset--spacing--40)\">\n<div class=\"wp-block-columns is-layout-flex wp-container-core-columns-is-layout-f0342b05 wp-block-columns-is-layout-flex\" style=\"margin-top:0;margin-bottom:0\">\n<div class=\"wp-block-column what-wedo-3-BX has-foreground-background-color has-background is-layout-flow wp-block-column-is-layout-flow\" style=\"padding-top:var(--wp--preset--spacing--30);padding-right:var(--wp--preset--spacing--30);padding-bottom:var(--wp--preset--spacing--30);padding-left:var(--wp--preset--spacing--30)\">\n<figure class=\"wp-block-image size-full fse-bg-color\"><img loading=\"lazy\" decoding=\"async\" width=\"1536\" height=\"1152\" src=\"https:\/\/pamproductions.site\/accueil\/wp-content\/uploads\/2025\/04\/passions-indomptablesrrrr-edited.jpg\" alt=\"\" class=\"wp-image-58\" srcset=\"https:\/\/pamproductions.site\/accueil\/wp-content\/uploads\/2025\/04\/passions-indomptablesrrrr-edited.jpg 1536w, https:\/\/pamproductions.site\/accueil\/wp-content\/uploads\/2025\/04\/passions-indomptablesrrrr-edited-300x225.jpg 300w, https:\/\/pamproductions.site\/accueil\/wp-content\/uploads\/2025\/04\/passions-indomptablesrrrr-edited-1024x768.jpg 1024w, https:\/\/pamproductions.site\/accueil\/wp-content\/uploads\/2025\/04\/passions-indomptablesrrrr-edited-768x576.jpg 768w\" sizes=\"auto, (max-width: 1536px) 100vw, 1536px\" \/><\/figure>\n\n\n\n<div class=\"wp-block-group fse-circle-BX has-background is-layout-constrained wp-block-group-is-layout-constrained\" style=\"border-radius:100%;background-color:#f9f4ee\"><\/div>\n\n\n\n<div class=\"wp-block-group is-layout-constrained wp-container-core-group-is-layout-9f82c054 wp-block-group-is-layout-constrained\" style=\"padding-top:var(--wp--preset--spacing--20);padding-right:var(--wp--preset--spacing--50);padding-bottom:var(--wp--preset--spacing--50);padding-left:var(--wp--preset--spacing--50)\">\n<h2 class=\"wp-block-heading has-text-align-center has-text-color has-link-color has-carnival-lite-oswald-font-family wp-elements-1b161ccf9649176266487ad14811b88a\" style=\"color:#060606;font-size:25px\"><a href=\"https:\/\/pamproductions.site\/accueil\/films\/\">Films et Court-m\u00e9trages<\/a><\/h2>\n\n\n\n<p class=\"has-text-align-center\">Du concept \u00e0 la r\u00e9alisation, plongez dans un univers visuel captivant gr\u00e2ce \u00e0 nos productions cin\u00e9matographiques. Chaque projet est une histoire unique \u00e0 raconter.<\/p>\n<\/div>\n<\/div>\n\n\n\n<div class=\"wp-block-column what-wedo-3-BX has-foreground-background-color has-background is-layout-flow wp-block-column-is-layout-flow\" style=\"padding-top:var(--wp--preset--spacing--30);padding-right:var(--wp--preset--spacing--30);padding-bottom:var(--wp--preset--spacing--30);padding-left:var(--wp--preset--spacing--30)\">\n<figure class=\"wp-block-image size-full fse-bg-color\"><img loading=\"lazy\" decoding=\"async\" width=\"1200\" height=\"675\" src=\"https:\/\/pamproductions.site\/accueil\/wp-content\/uploads\/2025\/04\/003.jpg\" alt=\"\" class=\"wp-image-101\" srcset=\"https:\/\/pamproductions.site\/accueil\/wp-content\/uploads\/2025\/04\/003.jpg 1200w, https:\/\/pamproductions.site\/accueil\/wp-content\/uploads\/2025\/04\/003-300x169.jpg 300w, https:\/\/pamproductions.site\/accueil\/wp-content\/uploads\/2025\/04\/003-1024x576.jpg 1024w, https:\/\/pamproductions.site\/accueil\/wp-content\/uploads\/2025\/04\/003-768x432.jpg 768w\" sizes=\"auto, (max-width: 1200px) 100vw, 1200px\" \/><\/figure>\n\n\n\n<div class=\"wp-block-group fse-circle-BX has-background is-layout-constrained wp-block-group-is-layout-constrained\" style=\"border-radius:100%;background-color:#f9f4ee\"><\/div>\n\n\n\n<div class=\"wp-block-group is-layout-constrained wp-container-core-group-is-layout-9f82c054 wp-block-group-is-layout-constrained\" style=\"padding-top:var(--wp--preset--spacing--20);padding-right:var(--wp--preset--spacing--50);padding-bottom:var(--wp--preset--spacing--50);padding-left:var(--wp--preset--spacing--50)\">\n<h2 class=\"wp-block-heading has-text-align-center has-text-color has-link-color has-carnival-lite-oswald-font-family wp-elements-c1a38197a6ee120a071630f73ef0baa6\" style=\"color:#060606;font-size:25px\"><a href=\"#\">Spots Audio et Pubs Vid\u00e9os<\/a><\/h2>\n\n\n\n<p class=\"has-text-align-center\">Donnez de la voix \u00e0 votre message. Nos cr\u00e9ations audio et vid\u00e9os transmettent avec puissance votre identit\u00e9 et vos valeurs, captant l&rsquo;attention de votre audience.<\/p>\n<\/div>\n<\/div>\n\n\n\n<div class=\"wp-block-column what-wedo-3-BX has-foreground-background-color has-background is-layout-flow wp-block-column-is-layout-flow\" style=\"padding-top:var(--wp--preset--spacing--30);padding-right:var(--wp--preset--spacing--30);padding-bottom:var(--wp--preset--spacing--30);padding-left:var(--wp--preset--spacing--30)\">\n<figure class=\"wp-block-image size-full fse-bg-color\"><img loading=\"lazy\" decoding=\"async\" width=\"1200\" height=\"675\" src=\"https:\/\/pamproductions.site\/accueil\/wp-content\/uploads\/2025\/04\/002.jpg\" alt=\"\" class=\"wp-image-100\" srcset=\"https:\/\/pamproductions.site\/accueil\/wp-content\/uploads\/2025\/04\/002.jpg 1200w, https:\/\/pamproductions.site\/accueil\/wp-content\/uploads\/2025\/04\/002-300x169.jpg 300w, https:\/\/pamproductions.site\/accueil\/wp-content\/uploads\/2025\/04\/002-1024x576.jpg 1024w, https:\/\/pamproductions.site\/accueil\/wp-content\/uploads\/2025\/04\/002-768x432.jpg 768w\" sizes=\"auto, (max-width: 1200px) 100vw, 1200px\" \/><\/figure>\n\n\n\n<div class=\"wp-block-group fse-circle-BX has-background is-layout-constrained wp-block-group-is-layout-constrained\" style=\"border-radius:100%;background-color:#f9f4ee\"><\/div>\n\n\n\n<div class=\"wp-block-group is-layout-constrained wp-container-core-group-is-layout-9f82c054 wp-block-group-is-layout-constrained\" style=\"padding-top:var(--wp--preset--spacing--20);padding-right:var(--wp--preset--spacing--50);padding-bottom:var(--wp--preset--spacing--50);padding-left:var(--wp--preset--spacing--50)\">\n<h2 class=\"wp-block-heading has-text-align-center has-text-color has-link-color has-carnival-lite-oswald-font-family wp-elements-3c5fdc0b85fb5254d6d298d0ef5b11e9\" style=\"color:#060606;font-size:25px\"><a href=\"#\">Habillage Antenne Radio<\/a><\/h2>\n\n\n\n<p class=\"has-text-align-center\">Red\u00e9finissez votre pr\u00e9sence radiophonique avec des habillages sonores et des jingles sur mesure. Laissez votre empreinte auditive dans l&rsquo;esprit de vos auditeurs.<\/p>\n<\/div>\n<\/div>\n<\/div>\n<\/div>\n\n\n\n<div class=\"wp-block-group has-background is-layout-constrained wp-container-core-group-is-layout-108df87a wp-block-group-is-layout-constrained\" style=\"background-color:#f9f4ee;padding-top:var(--wp--preset--spacing--80);padding-right:var(--wp--preset--spacing--50);padding-bottom:var(--wp--preset--spacing--80);padding-left:var(--wp--preset--spacing--50)\">\n<div class=\"wp-block-group is-layout-constrained wp-container-core-group-is-layout-ff0b5e87 wp-block-group-is-layout-constrained\" style=\"margin-bottom:var(--wp--preset--spacing--50);padding-bottom:0\">\n<div class=\"wp-block-columns is-layout-flex wp-container-core-columns-is-layout-28f84493 wp-block-columns-is-layout-flex\">\n<div class=\"wp-block-column is-layout-flow wp-block-column-is-layout-flow\" style=\"padding-top:0;padding-right:0;padding-bottom:0;padding-left:0\"><\/div>\n<\/div>\n<\/div>\n\n\n\n<div class=\"wp-block-group is-layout-constrained wp-container-core-group-is-layout-4165983e wp-block-group-is-layout-constrained\" style=\"padding-right:var(--wp--preset--spacing--40);padding-left:var(--wp--preset--spacing--40)\">\n<div class=\"wp-block-columns is-layout-flex wp-container-core-columns-is-layout-f0342b05 wp-block-columns-is-layout-flex\" style=\"margin-top:0;margin-bottom:0\">\n<div class=\"wp-block-column what-wedo-3-BX has-foreground-background-color has-background is-layout-flow wp-block-column-is-layout-flow\" style=\"padding-top:var(--wp--preset--spacing--30);padding-right:var(--wp--preset--spacing--30);padding-bottom:var(--wp--preset--spacing--30);padding-left:var(--wp--preset--spacing--30)\">\n<figure class=\"wp-block-image size-full fse-bg-color\"><img loading=\"lazy\" decoding=\"async\" width=\"1000\" height=\"728\" src=\"https:\/\/pamproductions.site\/accueil\/wp-content\/uploads\/2025\/04\/web-designer.jpg\" alt=\"\" class=\"wp-image-93\" srcset=\"https:\/\/pamproductions.site\/accueil\/wp-content\/uploads\/2025\/04\/web-designer.jpg 1000w, https:\/\/pamproductions.site\/accueil\/wp-content\/uploads\/2025\/04\/web-designer-300x218.jpg 300w, https:\/\/pamproductions.site\/accueil\/wp-content\/uploads\/2025\/04\/web-designer-768x559.jpg 768w\" sizes=\"auto, (max-width: 1000px) 100vw, 1000px\" \/><\/figure>\n\n\n\n<div class=\"wp-block-group fse-circle-BX has-background is-layout-constrained wp-block-group-is-layout-constrained\" style=\"border-radius:100%;background-color:#f9f4ee\"><\/div>\n\n\n\n<div class=\"wp-block-group is-layout-constrained wp-container-core-group-is-layout-9f82c054 wp-block-group-is-layout-constrained\" style=\"padding-top:var(--wp--preset--spacing--20);padding-right:var(--wp--preset--spacing--50);padding-bottom:var(--wp--preset--spacing--50);padding-left:var(--wp--preset--spacing--50)\">\n<h2 class=\"wp-block-heading has-text-align-center has-text-color has-link-color has-carnival-lite-oswald-font-family wp-elements-dd0765c1ec56f4dee0faf5ae031da739\" style=\"color:#060606;font-size:25px\"><a href=\"#\">R\u00e9alisation de Sites Web<\/a><\/h2>\n\n\n\n<p class=\"has-text-align-center\">Alliez l&rsquo;esth\u00e9tique \u00e0 la fonctionnalit\u00e9. Nous concevons des sites web interactifs et intuitifs qui refl\u00e8tent l&rsquo;essence m\u00eame de votre entreprise.<\/p>\n<\/div>\n<\/div>\n\n\n\n<div class=\"wp-block-column what-wedo-3-BX has-foreground-background-color has-background is-layout-flow wp-block-column-is-layout-flow\" style=\"padding-top:var(--wp--preset--spacing--30);padding-right:var(--wp--preset--spacing--30);padding-bottom:var(--wp--preset--spacing--30);padding-left:var(--wp--preset--spacing--30)\">\n<figure class=\"wp-block-image size-full fse-bg-color\"><img loading=\"lazy\" decoding=\"async\" width=\"1600\" height=\"900\" src=\"https:\/\/pamproductions.site\/accueil\/wp-content\/uploads\/2025\/04\/BetterImage_1759051425248.jpeg\" alt=\"\" class=\"wp-image-91\" srcset=\"https:\/\/pamproductions.site\/accueil\/wp-content\/uploads\/2025\/04\/BetterImage_1759051425248.jpeg 1600w, https:\/\/pamproductions.site\/accueil\/wp-content\/uploads\/2025\/04\/BetterImage_1759051425248-300x169.jpeg 300w, https:\/\/pamproductions.site\/accueil\/wp-content\/uploads\/2025\/04\/BetterImage_1759051425248-1024x576.jpeg 1024w, https:\/\/pamproductions.site\/accueil\/wp-content\/uploads\/2025\/04\/BetterImage_1759051425248-768x432.jpeg 768w, https:\/\/pamproductions.site\/accueil\/wp-content\/uploads\/2025\/04\/BetterImage_1759051425248-1536x864.jpeg 1536w\" sizes=\"auto, (max-width: 1600px) 100vw, 1600px\" \/><\/figure>\n\n\n\n<div class=\"wp-block-group fse-circle-BX has-background is-layout-constrained wp-block-group-is-layout-constrained\" style=\"border-radius:100%;background-color:#f9f4ee\"><\/div>\n\n\n\n<div class=\"wp-block-group is-layout-constrained wp-container-core-group-is-layout-9f82c054 wp-block-group-is-layout-constrained\" style=\"padding-top:var(--wp--preset--spacing--20);padding-right:var(--wp--preset--spacing--50);padding-bottom:var(--wp--preset--spacing--50);padding-left:var(--wp--preset--spacing--50)\">\n<h2 class=\"wp-block-heading has-text-align-center has-text-color has-link-color has-carnival-lite-oswald-font-family wp-elements-85b65bcbabb88357f8bab8f540c75cb1\" style=\"color:#060606;font-size:25px\"><a href=\"#\">R\u00e9al. de Clips Musicaux<\/a><\/h2>\n\n\n\n<p class=\"has-text-align-center\">Transformez votre musique en une exp\u00e9rience visuelle exceptionnelle. Nos r\u00e9alisateurs captent l&rsquo;essence de votre son pour cr\u00e9er des clips musicaux m\u00e9morables.<\/p>\n<\/div>\n<\/div>\n\n\n\n<div class=\"wp-block-column what-wedo-3-BX has-foreground-background-color has-background is-layout-flow wp-block-column-is-layout-flow\" style=\"padding-top:var(--wp--preset--spacing--30);padding-right:var(--wp--preset--spacing--30);padding-bottom:var(--wp--preset--spacing--30);padding-left:var(--wp--preset--spacing--30)\">\n<figure class=\"wp-block-image size-full fse-bg-color\"><img loading=\"lazy\" decoding=\"async\" width=\"800\" height=\"600\" src=\"https:\/\/pamproductions.site\/accueil\/wp-content\/uploads\/2025\/04\/Radio-studio-packages-studio-elite-teko-broadcast-990px.jpg\" alt=\"\" class=\"wp-image-92\" srcset=\"https:\/\/pamproductions.site\/accueil\/wp-content\/uploads\/2025\/04\/Radio-studio-packages-studio-elite-teko-broadcast-990px.jpg 800w, https:\/\/pamproductions.site\/accueil\/wp-content\/uploads\/2025\/04\/Radio-studio-packages-studio-elite-teko-broadcast-990px-300x225.jpg 300w, https:\/\/pamproductions.site\/accueil\/wp-content\/uploads\/2025\/04\/Radio-studio-packages-studio-elite-teko-broadcast-990px-768x576.jpg 768w\" sizes=\"auto, (max-width: 800px) 100vw, 800px\" \/><\/figure>\n\n\n\n<div class=\"wp-block-group fse-circle-BX has-background is-layout-constrained wp-block-group-is-layout-constrained\" style=\"border-radius:100%;background-color:#f9f4ee\"><\/div>\n\n\n\n<div class=\"wp-block-group is-layout-constrained wp-container-core-group-is-layout-9f82c054 wp-block-group-is-layout-constrained\" style=\"padding-top:var(--wp--preset--spacing--20);padding-right:var(--wp--preset--spacing--50);padding-bottom:var(--wp--preset--spacing--50);padding-left:var(--wp--preset--spacing--50)\">\n<h2 class=\"wp-block-heading has-text-align-center has-text-color has-link-color has-carnival-lite-oswald-font-family wp-elements-5ef15da99ec6ac2fbca0ac4160786f7a\" style=\"color:#060606;font-size:25px\"><a href=\"#\">Installation Radio<\/a><\/h2>\n\n\n\n<p class=\"has-text-align-center\">Des ondes qui traversent l&rsquo;espace. Nous assurons l&rsquo;installation compl\u00e8te de vos \u00e9quipements radio, qu&rsquo;il s&rsquo;agisse d&rsquo;\u00e9metteurs physiques ou de diffusion en ligne.<\/p>\n<\/div>\n<\/div>\n<\/div>\n<\/div>\n<\/div>\n\n\n\n<div class=\"wp-block-group has-background is-layout-constrained wp-container-core-group-is-layout-108df87a wp-block-group-is-layout-constrained\" style=\"background-color:#f9f4ee;padding-top:var(--wp--preset--spacing--80);padding-right:var(--wp--preset--spacing--50);padding-bottom:var(--wp--preset--spacing--80);padding-left:var(--wp--preset--spacing--50)\">\n<div class=\"wp-block-group is-layout-constrained wp-container-core-group-is-layout-ff0b5e87 wp-block-group-is-layout-constrained\" style=\"margin-bottom:var(--wp--preset--spacing--50);padding-bottom:0\">\n<div class=\"wp-block-columns is-layout-flex wp-container-core-columns-is-layout-28f84493 wp-block-columns-is-layout-flex\">\n<div class=\"wp-block-column is-layout-flow wp-block-column-is-layout-flow\" style=\"padding-top:0;padding-right:0;padding-bottom:0;padding-left:0\"><\/div>\n<\/div>\n<\/div>\n\n\n\n<div class=\"wp-block-group is-layout-constrained wp-container-core-group-is-layout-4165983e wp-block-group-is-layout-constrained\" style=\"padding-right:var(--wp--preset--spacing--40);padding-left:var(--wp--preset--spacing--40)\">\n<div class=\"wp-block-columns is-layout-flex wp-container-core-columns-is-layout-f0342b05 wp-block-columns-is-layout-flex\" style=\"margin-top:0;margin-bottom:0\">\n<div class=\"wp-block-column what-wedo-3-BX has-foreground-background-color has-background is-layout-flow wp-block-column-is-layout-flow\" style=\"padding-top:var(--wp--preset--spacing--30);padding-right:var(--wp--preset--spacing--30);padding-bottom:var(--wp--preset--spacing--30);padding-left:var(--wp--preset--spacing--30)\">\n<figure class=\"wp-block-image size-full fse-bg-color\"><img loading=\"lazy\" decoding=\"async\" width=\"1024\" height=\"585\" src=\"https:\/\/pamproductions.site\/accueil\/wp-content\/uploads\/2025\/04\/The-Ultimate-Guide-to-Finding-the-Perfect-Photography-Studio-Rental-1024x585-1.jpeg\" alt=\"\" class=\"wp-image-96\" srcset=\"https:\/\/pamproductions.site\/accueil\/wp-content\/uploads\/2025\/04\/The-Ultimate-Guide-to-Finding-the-Perfect-Photography-Studio-Rental-1024x585-1.jpeg 1024w, https:\/\/pamproductions.site\/accueil\/wp-content\/uploads\/2025\/04\/The-Ultimate-Guide-to-Finding-the-Perfect-Photography-Studio-Rental-1024x585-1-300x171.jpeg 300w, https:\/\/pamproductions.site\/accueil\/wp-content\/uploads\/2025\/04\/The-Ultimate-Guide-to-Finding-the-Perfect-Photography-Studio-Rental-1024x585-1-768x439.jpeg 768w\" sizes=\"auto, (max-width: 1024px) 100vw, 1024px\" \/><\/figure>\n\n\n\n<div class=\"wp-block-group fse-circle-BX has-background is-layout-constrained wp-block-group-is-layout-constrained\" style=\"border-radius:100%;background-color:#f9f4ee\"><\/div>\n\n\n\n<div class=\"wp-block-group is-layout-constrained wp-container-core-group-is-layout-9f82c054 wp-block-group-is-layout-constrained\" style=\"padding-top:var(--wp--preset--spacing--20);padding-right:var(--wp--preset--spacing--50);padding-bottom:var(--wp--preset--spacing--50);padding-left:var(--wp--preset--spacing--50)\">\n<h2 class=\"wp-block-heading has-text-align-center has-text-color has-link-color has-carnival-lite-oswald-font-family wp-elements-2537ce166cc9aa629e5033399b6aa5ce\" style=\"color:#060606;font-size:25px\"><a href=\"#\">PHOTOS<\/a><\/h2>\n\n\n\n<p class=\"has-text-align-center\">Capturons l\u2019instant avec style. Portraits, produits, \u00e9v\u00e9nements : des images nettes, modernes et parfaitement \u00e9clair\u00e9es pour mettre en valeur votre identit\u00e9.<\/p>\n<\/div>\n<\/div>\n\n\n\n<div class=\"wp-block-column what-wedo-3-BX has-foreground-background-color has-background is-layout-flow wp-block-column-is-layout-flow\" style=\"padding-top:var(--wp--preset--spacing--30);padding-right:var(--wp--preset--spacing--30);padding-bottom:var(--wp--preset--spacing--30);padding-left:var(--wp--preset--spacing--30)\">\n<figure class=\"wp-block-image size-full fse-bg-color\"><img loading=\"lazy\" decoding=\"async\" width=\"1200\" height=\"675\" src=\"https:\/\/pamproductions.site\/accueil\/wp-content\/uploads\/2025\/04\/P863D1.jpg\" alt=\"\" class=\"wp-image-95\" srcset=\"https:\/\/pamproductions.site\/accueil\/wp-content\/uploads\/2025\/04\/P863D1.jpg 1200w, https:\/\/pamproductions.site\/accueil\/wp-content\/uploads\/2025\/04\/P863D1-300x169.jpg 300w, https:\/\/pamproductions.site\/accueil\/wp-content\/uploads\/2025\/04\/P863D1-1024x576.jpg 1024w, https:\/\/pamproductions.site\/accueil\/wp-content\/uploads\/2025\/04\/P863D1-768x432.jpg 768w\" sizes=\"auto, (max-width: 1200px) 100vw, 1200px\" \/><\/figure>\n\n\n\n<div class=\"wp-block-group fse-circle-BX has-background is-layout-constrained wp-block-group-is-layout-constrained\" style=\"border-radius:100%;background-color:#f9f4ee\"><\/div>\n\n\n\n<div class=\"wp-block-group is-layout-constrained wp-container-core-group-is-layout-9f82c054 wp-block-group-is-layout-constrained\" style=\"padding-top:var(--wp--preset--spacing--20);padding-right:var(--wp--preset--spacing--50);padding-bottom:var(--wp--preset--spacing--50);padding-left:var(--wp--preset--spacing--50)\">\n<h2 class=\"wp-block-heading has-text-align-center has-text-color has-link-color has-carnival-lite-oswald-font-family wp-elements-fbc7d5a6eee5e2f0380bb75015478553\" style=\"color:#060606;font-size:25px\"><a href=\"#\">BEAT MAKING<\/a><\/h2>\n\n\n\n<p class=\"has-text-align-center\">Des beats sur mesure, construits avec cr\u00e9ativit\u00e9, pr\u00e9cision et personnalit\u00e9. Trap, Afro, Compas, Drill ou R&amp;B : nous donnons une \u00e2me \u00e0 votre son.<\/p>\n<\/div>\n<\/div>\n\n\n\n<div class=\"wp-block-column what-wedo-3-BX has-foreground-background-color has-background is-layout-flow wp-block-column-is-layout-flow\" style=\"padding-top:var(--wp--preset--spacing--30);padding-right:var(--wp--preset--spacing--30);padding-bottom:var(--wp--preset--spacing--30);padding-left:var(--wp--preset--spacing--30)\">\n<figure class=\"wp-block-image size-full fse-bg-color\"><img loading=\"lazy\" decoding=\"async\" width=\"1200\" height=\"675\" src=\"https:\/\/pamproductions.site\/accueil\/wp-content\/uploads\/2025\/04\/001.jpg\" alt=\"\" class=\"wp-image-99\" srcset=\"https:\/\/pamproductions.site\/accueil\/wp-content\/uploads\/2025\/04\/001.jpg 1200w, https:\/\/pamproductions.site\/accueil\/wp-content\/uploads\/2025\/04\/001-300x169.jpg 300w, https:\/\/pamproductions.site\/accueil\/wp-content\/uploads\/2025\/04\/001-1024x576.jpg 1024w, https:\/\/pamproductions.site\/accueil\/wp-content\/uploads\/2025\/04\/001-768x432.jpg 768w\" sizes=\"auto, (max-width: 1200px) 100vw, 1200px\" \/><\/figure>\n\n\n\n<div class=\"wp-block-group fse-circle-BX has-background is-layout-constrained wp-block-group-is-layout-constrained\" style=\"border-radius:100%;background-color:#f9f4ee\"><\/div>\n\n\n\n<div class=\"wp-block-group is-layout-constrained wp-container-core-group-is-layout-9f82c054 wp-block-group-is-layout-constrained\" style=\"padding-top:var(--wp--preset--spacing--20);padding-right:var(--wp--preset--spacing--50);padding-bottom:var(--wp--preset--spacing--50);padding-left:var(--wp--preset--spacing--50)\">\n<h2 class=\"wp-block-heading has-text-align-center has-text-color has-link-color has-carnival-lite-oswald-font-family wp-elements-3b92e6635662e7eb9fd7a2f1f15054ef\" style=\"color:#060606;font-size:25px\"><a href=\"#\">MUSIQUE STUDIO<\/a><\/h2>\n\n\n\n<p class=\"has-text-align-center\">Une cabine trait\u00e9e, un son propre et pro, une direction artistique qui vous guide. Venez poser, cr\u00e9er, recommencer\u2026 Jusqu\u2019\u00e0 obtenir la meilleure version de votre voix.<\/p>\n<\/div>\n<\/div>\n<\/div>\n<\/div>\n<\/div>\n<\/div>\n","protected":false},"excerpt":{"rendered":"","protected":false},"author":1,"featured_media":0,"parent":0,"menu_order":0,"comment_status":"closed","ping_status":"closed","template":"","meta":{"footnotes":""},"class_list":["post-50","page","type-page","status-publish","hentry"],"_links":{"self":[{"href":"https:\/\/pamproductions.site\/accueil\/wp-json\/wp\/v2\/pages\/50","targetHints":{"allow":["GET"]}}],"collection":[{"href":"https:\/\/pamproductions.site\/accueil\/wp-json\/wp\/v2\/pages"}],"about":[{"href":"https:\/\/pamproductions.site\/accueil\/wp-json\/wp\/v2\/types\/page"}],"author":[{"embeddable":true,"href":"https:\/\/pamproductions.site\/accueil\/wp-json\/wp\/v2\/users\/1"}],"replies":[{"embeddable":true,"href":"https:\/\/pamproductions.site\/accueil\/wp-json\/wp\/v2\/comments?post=50"}],"version-history":[{"count":1,"href":"https:\/\/pamproductions.site\/accueil\/wp-json\/wp\/v2\/pages\/50\/revisions"}],"predecessor-version":[{"id":52,"href":"https:\/\/pamproductions.site\/accueil\/wp-json\/wp\/v2\/pages\/50\/revisions\/52"}],"wp:attachment":[{"href":"https:\/\/pamproductions.site\/accueil\/wp-json\/wp\/v2\/media?parent=50"}],"curies":[{"name":"wp","href":"https:\/\/api.w.org\/{rel}","templated":true}]}}