{"id":137,"date":"2025-11-15T06:04:19","date_gmt":"2025-11-15T06:04:19","guid":{"rendered":"https:\/\/pamproductions.site\/accueil\/?page_id=137"},"modified":"2025-11-15T07:09:17","modified_gmt":"2025-11-15T07:09:17","slug":"projet-en-cours","status":"publish","type":"page","link":"https:\/\/pamproductions.site\/accueil\/projet-en-cours\/","title":{"rendered":"PROJET EN COURS"},"content":{"rendered":"\n<div class=\"wp-block-group alignfull wp-block-section has-foreground-background-color has-background is-layout-constrained wp-container-core-group-is-layout-37911b1f wp-block-group-is-layout-constrained\" style=\"padding-top:var(--wp--preset--spacing--80);padding-right:var(--wp--preset--spacing--50);padding-bottom:var(--wp--preset--spacing--80);padding-left:var(--wp--preset--spacing--50)\">\n<div class=\"wp-block-columns is-layout-flex wp-container-core-columns-is-layout-28f84493 wp-block-columns-is-layout-flex\">\n<div class=\"wp-block-column fse-two-image-bx is-layout-flow wp-block-column-is-layout-flow\" style=\"flex-basis:45%\">\n<figure class=\"wp-block-image size-full\"><img loading=\"lazy\" decoding=\"async\" width=\"620\" height=\"877\" src=\"https:\/\/pamproductions.site\/accueil\/wp-content\/uploads\/2025\/11\/POSTER-OFF-2.jpg\" alt=\"\" class=\"wp-image-149\" srcset=\"https:\/\/pamproductions.site\/accueil\/wp-content\/uploads\/2025\/11\/POSTER-OFF-2.jpg 620w, https:\/\/pamproductions.site\/accueil\/wp-content\/uploads\/2025\/11\/POSTER-OFF-2-212x300.jpg 212w\" sizes=\"auto, (max-width: 620px) 100vw, 620px\" \/><\/figure>\n<\/div>\n\n\n\n<div class=\"wp-block-column is-layout-flow wp-block-column-is-layout-flow\" style=\"flex-basis:15%\"><\/div>\n\n\n\n<div class=\"wp-block-column is-layout-flow wp-block-column-is-layout-flow\" style=\"padding-left:0;flex-basis:40%\">\n<h4 class=\"wp-block-heading has-text-color has-carnival-lite-oswald-font-family\" style=\"color:#fd6500;margin-top:0;margin-right:0;margin-bottom:var(--wp--preset--spacing--30);margin-left:0;font-size:19px;font-style:normal;font-weight:400\">SHORT FILM <\/h4>\n\n\n\n<h1 class=\"wp-block-heading has-text-align-left has-carnival-lite-oswald-font-family\" style=\"margin-bottom:var(--wp--preset--spacing--60);font-size:47px;font-style:normal;font-weight:700;line-height:1.1\"><strong>LYSA<\/strong><\/h1>\n\n\n\n<h1 class=\"wp-block-heading alignwide\" id=\"we-re-a-studio-in-berlin-with-an-international-practice-in-architecture-urban-planning-and-interior-design-we-believe-in-sharing-knowledge-and-promoting-dialogue-to-increase-the-creative-potential-of-collaboration\" style=\"font-size:48px;line-height:1.1\"><strong>Synopsis<\/strong><\/h1>\n\n\n\n<p><br>Lysa, silhouette effac\u00e9e d\u2019un amour devenu poison, vit retranch\u00e9e dans le silence. Mais les blessures profondes ne disparaissent jamais vraiment. Un jour, \u00e0 la recherche d\u2019un regard, d\u2019une explication, peut-\u00eatre d\u2019un pardon. Ce qu\u2019elle trouvera en chemin remettra en question ce que l\u2019on croit savoir de l\u2019amour, de la trahison, et de la justice. <\/p>\n\n\n\n<p>Un huis clos tendu, visc\u00e9ral, o\u00f9 les silences font plus de bruit que les mots. Dans une atmosph\u00e8re lourde et intime, le film explore les ravages du silence, les cicatrices de la trahison, et cette fronti\u00e8re trouble entre douleur, amour et vengeance.<\/p>\n\n\n\n<p>Entre aveux, manipulations et confrontations, Lysa nous interroge : que reste-t-il de nous quand on perd la derni\u00e8re personne \u00e0 qui on faisait encore confiance?<br><\/p>\n\n\n\n<p style=\"margin-bottom:var(--wp--preset--spacing--60)\"><\/p>\n\n\n\n<div class=\"wp-block-buttons is-layout-flex wp-block-buttons-is-layout-flex\"><\/div>\n<\/div>\n<\/div>\n\n\n\n<div style=\"height:60px\" aria-hidden=\"true\" class=\"wp-block-spacer\"><\/div>\n<\/div>\n","protected":false},"excerpt":{"rendered":"<p>SHORT FILM LYSA Synopsis Lysa, silhouette effac\u00e9e d\u2019un amour devenu poison, vit retranch\u00e9e dans le silence. Mais les blessures profondes [&hellip;]<\/p>\n","protected":false},"author":1,"featured_media":149,"parent":0,"menu_order":0,"comment_status":"closed","ping_status":"closed","template":"","meta":{"footnotes":""},"class_list":["post-137","page","type-page","status-publish","has-post-thumbnail","hentry"],"_links":{"self":[{"href":"https:\/\/pamproductions.site\/accueil\/wp-json\/wp\/v2\/pages\/137","targetHints":{"allow":["GET"]}}],"collection":[{"href":"https:\/\/pamproductions.site\/accueil\/wp-json\/wp\/v2\/pages"}],"about":[{"href":"https:\/\/pamproductions.site\/accueil\/wp-json\/wp\/v2\/types\/page"}],"author":[{"embeddable":true,"href":"https:\/\/pamproductions.site\/accueil\/wp-json\/wp\/v2\/users\/1"}],"replies":[{"embeddable":true,"href":"https:\/\/pamproductions.site\/accueil\/wp-json\/wp\/v2\/comments?post=137"}],"version-history":[{"count":5,"href":"https:\/\/pamproductions.site\/accueil\/wp-json\/wp\/v2\/pages\/137\/revisions"}],"predecessor-version":[{"id":154,"href":"https:\/\/pamproductions.site\/accueil\/wp-json\/wp\/v2\/pages\/137\/revisions\/154"}],"wp:featuredmedia":[{"embeddable":true,"href":"https:\/\/pamproductions.site\/accueil\/wp-json\/wp\/v2\/media\/149"}],"wp:attachment":[{"href":"https:\/\/pamproductions.site\/accueil\/wp-json\/wp\/v2\/media?parent=137"}],"curies":[{"name":"wp","href":"https:\/\/api.w.org\/{rel}","templated":true}]}}